{"id":3794,"date":"2018-10-25T11:45:48","date_gmt":"2018-10-25T11:45:48","guid":{"rendered":"http:\/\/quanticalabs.com\/wptest\/medicenter-new\/?page_id=3794"},"modified":"2021-04-27T15:03:17","modified_gmt":"2021-04-27T15:03:17","slug":"services","status":"publish","type":"page","link":"http:\/\/zdrowiepiaseczna.stronazen.pl\/index.php\/services\/","title":{"rendered":"Diagnostyka i badania"},"content":{"rendered":"<p>[vc_row top_margin=&#8221;page-margin-top&#8221;][vc_column width=&#8221;1\/3&#8243;]<div class=\"services-list single\"><div class=\"service-box\"><img width=\"480\" height=\"320\" src=\"http:\/\/zdrowiepiaseczna.stronazen.pl\/wp-content\/uploads\/2021\/02\/Fotolia_55075111_M-480x320.jpg\" class=\"attachment-medium-thumb size-medium-thumb wp-post-image\" alt=\"Diagnostyka i badania\" loading=\"lazy\" title=\"\" srcset=\"http:\/\/zdrowiepiaseczna.stronazen.pl\/wp-content\/uploads\/2021\/02\/Fotolia_55075111_M-480x320.jpg 480w, http:\/\/zdrowiepiaseczna.stronazen.pl\/wp-content\/uploads\/2021\/02\/Fotolia_55075111_M-670x446.jpg 670w, http:\/\/zdrowiepiaseczna.stronazen.pl\/wp-content\/uploads\/2021\/02\/Fotolia_55075111_M-600x400.jpg 600w, http:\/\/zdrowiepiaseczna.stronazen.pl\/wp-content\/uploads\/2021\/02\/Fotolia_55075111_M-390x260.jpg 390w, http:\/\/zdrowiepiaseczna.stronazen.pl\/wp-content\/uploads\/2021\/02\/Fotolia_55075111_M-285x190.jpg 285w\" sizes=\"(max-width: 480px) 100vw, 480px\" \/><div class=\"service-details\"><h4>Diagnostyka i badania<\/h4><\/div><\/div><\/div>[\/vc_column][vc_column width=&#8221;2\/3&#8243; el_class=&#8221;padding-left-30&#8243;]<h3 class=\"box-header\">Diagnostyka i badania<\/h3>[vc_column_text el_class=&#8221;large margin-top-10&#8243;]<span lang=\"PL\">Zdrowie Piaseczna zapewnia Pa\u0144stwu szeroki zakres bada\u0144 laboratoryjnych i diagnostycznych.<br \/>\n<\/span><\/p>\n<p>Dowiedz si\u0119 wi\u0119cej o poszczeg\u00f3lnych badaniach oraz o tym, jak si\u0119 do nich przygotowa\u0107:[\/vc_column_text][\/vc_column][\/vc_row][vc_row top_margin=&#8221;page-margin-top-section&#8221;][vc_column]<ul class=\"services-list clearfix\"><li class=\"vc_row wpb_row vc_row-fluid\"><ul><li><a href=\"http:\/\/zdrowiepiaseczna.stronazen.pl\/index.php\/services\/audiometria\/\" title=\"Audiometria\"><img width=\"480\" height=\"320\" src=\"http:\/\/zdrowiepiaseczna.stronazen.pl\/wp-content\/uploads\/2021\/04\/ZP-grafiki-na-www-20-480x320.jpg\" class=\"attachment-medium-thumb size-medium-thumb wp-post-image\" alt=\"Audiometria\" loading=\"lazy\" title=\"\" srcset=\"http:\/\/zdrowiepiaseczna.stronazen.pl\/wp-content\/uploads\/2021\/04\/ZP-grafiki-na-www-20-480x320.jpg 480w, http:\/\/zdrowiepiaseczna.stronazen.pl\/wp-content\/uploads\/2021\/04\/ZP-grafiki-na-www-20-300x200.jpg 300w, http:\/\/zdrowiepiaseczna.stronazen.pl\/wp-content\/uploads\/2021\/04\/ZP-grafiki-na-www-20-768x512.jpg 768w, http:\/\/zdrowiepiaseczna.stronazen.pl\/wp-content\/uploads\/2021\/04\/ZP-grafiki-na-www-20-670x446.jpg 670w, http:\/\/zdrowiepiaseczna.stronazen.pl\/wp-content\/uploads\/2021\/04\/ZP-grafiki-na-www-20-600x400.jpg 600w, http:\/\/zdrowiepiaseczna.stronazen.pl\/wp-content\/uploads\/2021\/04\/ZP-grafiki-na-www-20-390x260.jpg 390w, http:\/\/zdrowiepiaseczna.stronazen.pl\/wp-content\/uploads\/2021\/04\/ZP-grafiki-na-www-20-285x190.jpg 285w, http:\/\/zdrowiepiaseczna.stronazen.pl\/wp-content\/uploads\/2021\/04\/ZP-grafiki-na-www-20.jpg 900w\" sizes=\"(max-width: 480px) 100vw, 480px\" \/><\/a><div class=\"service-details\"><h4 class=\"box-header\"><a href=\"http:\/\/zdrowiepiaseczna.stronazen.pl\/index.php\/services\/audiometria\/\" title=\"Audiometria\">Audiometria<\/a><\/h4><\/div><\/li><li><a href=\"http:\/\/zdrowiepiaseczna.stronazen.pl\/index.php\/services\/badania-laboratoryjne\/\" title=\"Badania laboratoryjne\"><img width=\"480\" height=\"320\" src=\"http:\/\/zdrowiepiaseczna.stronazen.pl\/wp-content\/uploads\/2021\/04\/ZP-grafiki-na-www-3-480x320.jpg\" class=\"attachment-medium-thumb size-medium-thumb wp-post-image\" alt=\"Badania laboratoryjne\" loading=\"lazy\" title=\"\" srcset=\"http:\/\/zdrowiepiaseczna.stronazen.pl\/wp-content\/uploads\/2021\/04\/ZP-grafiki-na-www-3-480x320.jpg 480w, http:\/\/zdrowiepiaseczna.stronazen.pl\/wp-content\/uploads\/2021\/04\/ZP-grafiki-na-www-3-300x200.jpg 300w, http:\/\/zdrowiepiaseczna.stronazen.pl\/wp-content\/uploads\/2021\/04\/ZP-grafiki-na-www-3-768x512.jpg 768w, http:\/\/zdrowiepiaseczna.stronazen.pl\/wp-content\/uploads\/2021\/04\/ZP-grafiki-na-www-3-670x446.jpg 670w, http:\/\/zdrowiepiaseczna.stronazen.pl\/wp-content\/uploads\/2021\/04\/ZP-grafiki-na-www-3-600x400.jpg 600w, http:\/\/zdrowiepiaseczna.stronazen.pl\/wp-content\/uploads\/2021\/04\/ZP-grafiki-na-www-3-390x260.jpg 390w, http:\/\/zdrowiepiaseczna.stronazen.pl\/wp-content\/uploads\/2021\/04\/ZP-grafiki-na-www-3-285x190.jpg 285w, http:\/\/zdrowiepiaseczna.stronazen.pl\/wp-content\/uploads\/2021\/04\/ZP-grafiki-na-www-3.jpg 900w\" sizes=\"(max-width: 480px) 100vw, 480px\" \/><\/a><div class=\"service-details\"><h4 class=\"box-header\"><a href=\"http:\/\/zdrowiepiaseczna.stronazen.pl\/index.php\/services\/badania-laboratoryjne\/\" title=\"Badania laboratoryjne\">Badania laboratoryjne<\/a><\/h4><\/div><\/li><li><a href=\"http:\/\/zdrowiepiaseczna.stronazen.pl\/index.php\/services\/diagnostyka-ukladu-zylnego\/\" title=\"Diagnostyka uk\u0142adu \u017cylnego\"><img width=\"480\" height=\"320\" src=\"http:\/\/zdrowiepiaseczna.stronazen.pl\/wp-content\/uploads\/2021\/04\/ZP-grafiki-na-www-4-480x320.jpg\" class=\"attachment-medium-thumb size-medium-thumb wp-post-image\" alt=\"Diagnostyka uk\u0142adu \u017cylnego\" loading=\"lazy\" title=\"\" srcset=\"http:\/\/zdrowiepiaseczna.stronazen.pl\/wp-content\/uploads\/2021\/04\/ZP-grafiki-na-www-4-480x320.jpg 480w, http:\/\/zdrowiepiaseczna.stronazen.pl\/wp-content\/uploads\/2021\/04\/ZP-grafiki-na-www-4-300x200.jpg 300w, http:\/\/zdrowiepiaseczna.stronazen.pl\/wp-content\/uploads\/2021\/04\/ZP-grafiki-na-www-4-768x512.jpg 768w, http:\/\/zdrowiepiaseczna.stronazen.pl\/wp-content\/uploads\/2021\/04\/ZP-grafiki-na-www-4-670x446.jpg 670w, http:\/\/zdrowiepiaseczna.stronazen.pl\/wp-content\/uploads\/2021\/04\/ZP-grafiki-na-www-4-600x400.jpg 600w, http:\/\/zdrowiepiaseczna.stronazen.pl\/wp-content\/uploads\/2021\/04\/ZP-grafiki-na-www-4-390x260.jpg 390w, http:\/\/zdrowiepiaseczna.stronazen.pl\/wp-content\/uploads\/2021\/04\/ZP-grafiki-na-www-4-285x190.jpg 285w, http:\/\/zdrowiepiaseczna.stronazen.pl\/wp-content\/uploads\/2021\/04\/ZP-grafiki-na-www-4.jpg 900w\" sizes=\"(max-width: 480px) 100vw, 480px\" \/><\/a><div class=\"service-details\"><h4 class=\"box-header\"><a href=\"http:\/\/zdrowiepiaseczna.stronazen.pl\/index.php\/services\/diagnostyka-ukladu-zylnego\/\" title=\"Diagnostyka uk\u0142adu \u017cylnego\">Diagnostyka uk\u0142adu \u017cylnego<\/a><\/h4><\/div><\/li><\/ul><\/li><li class=\"vc_row wpb_row vc_row-fluid\"><ul><li><a href=\"http:\/\/zdrowiepiaseczna.stronazen.pl\/index.php\/services\/echo-serca\/\" title=\"Echo serca\"><img width=\"480\" height=\"320\" src=\"http:\/\/zdrowiepiaseczna.stronazen.pl\/wp-content\/uploads\/2021\/04\/2-1-480x320.png\" class=\"attachment-medium-thumb size-medium-thumb wp-post-image\" alt=\"Echo serca\" loading=\"lazy\" title=\"\" srcset=\"http:\/\/zdrowiepiaseczna.stronazen.pl\/wp-content\/uploads\/2021\/04\/2-1-480x320.png 480w, http:\/\/zdrowiepiaseczna.stronazen.pl\/wp-content\/uploads\/2021\/04\/2-1-300x200.png 300w, http:\/\/zdrowiepiaseczna.stronazen.pl\/wp-content\/uploads\/2021\/04\/2-1-768x512.png 768w, http:\/\/zdrowiepiaseczna.stronazen.pl\/wp-content\/uploads\/2021\/04\/2-1-670x446.png 670w, http:\/\/zdrowiepiaseczna.stronazen.pl\/wp-content\/uploads\/2021\/04\/2-1-600x400.png 600w, http:\/\/zdrowiepiaseczna.stronazen.pl\/wp-content\/uploads\/2021\/04\/2-1-390x260.png 390w, http:\/\/zdrowiepiaseczna.stronazen.pl\/wp-content\/uploads\/2021\/04\/2-1-285x190.png 285w, http:\/\/zdrowiepiaseczna.stronazen.pl\/wp-content\/uploads\/2021\/04\/2-1.png 900w\" sizes=\"(max-width: 480px) 100vw, 480px\" \/><\/a><div class=\"service-details\"><h4 class=\"box-header\"><a href=\"http:\/\/zdrowiepiaseczna.stronazen.pl\/index.php\/services\/echo-serca\/\" title=\"Echo serca\">Echo serca<\/a><\/h4><\/div><\/li><li><a href=\"http:\/\/zdrowiepiaseczna.stronazen.pl\/index.php\/services\/ekg-spoczynkowe\/\" title=\"EKG spoczynkowe\"><img width=\"480\" height=\"320\" src=\"http:\/\/zdrowiepiaseczna.stronazen.pl\/wp-content\/uploads\/2021\/04\/3-1-480x320.png\" class=\"attachment-medium-thumb size-medium-thumb wp-post-image\" alt=\"EKG spoczynkowe\" loading=\"lazy\" title=\"\" srcset=\"http:\/\/zdrowiepiaseczna.stronazen.pl\/wp-content\/uploads\/2021\/04\/3-1-480x320.png 480w, http:\/\/zdrowiepiaseczna.stronazen.pl\/wp-content\/uploads\/2021\/04\/3-1-300x200.png 300w, http:\/\/zdrowiepiaseczna.stronazen.pl\/wp-content\/uploads\/2021\/04\/3-1-768x512.png 768w, http:\/\/zdrowiepiaseczna.stronazen.pl\/wp-content\/uploads\/2021\/04\/3-1-670x446.png 670w, http:\/\/zdrowiepiaseczna.stronazen.pl\/wp-content\/uploads\/2021\/04\/3-1-600x400.png 600w, http:\/\/zdrowiepiaseczna.stronazen.pl\/wp-content\/uploads\/2021\/04\/3-1-390x260.png 390w, http:\/\/zdrowiepiaseczna.stronazen.pl\/wp-content\/uploads\/2021\/04\/3-1-285x190.png 285w, http:\/\/zdrowiepiaseczna.stronazen.pl\/wp-content\/uploads\/2021\/04\/3-1.png 900w\" sizes=\"(max-width: 480px) 100vw, 480px\" \/><\/a><div class=\"service-details\"><h4 class=\"box-header\"><a href=\"http:\/\/zdrowiepiaseczna.stronazen.pl\/index.php\/services\/ekg-spoczynkowe\/\" title=\"EKG spoczynkowe\">EKG spoczynkowe<\/a><\/h4><\/div><\/li><li><a href=\"http:\/\/zdrowiepiaseczna.stronazen.pl\/index.php\/services\/ekg-wysilkowe\/\" title=\"EKG wysi\u0142kowe\"><img width=\"480\" height=\"320\" src=\"http:\/\/zdrowiepiaseczna.stronazen.pl\/wp-content\/uploads\/2021\/04\/5-1-480x320.png\" class=\"attachment-medium-thumb size-medium-thumb wp-post-image\" alt=\"EKG wysi\u0142kowe\" loading=\"lazy\" title=\"\" srcset=\"http:\/\/zdrowiepiaseczna.stronazen.pl\/wp-content\/uploads\/2021\/04\/5-1-480x320.png 480w, http:\/\/zdrowiepiaseczna.stronazen.pl\/wp-content\/uploads\/2021\/04\/5-1-300x200.png 300w, http:\/\/zdrowiepiaseczna.stronazen.pl\/wp-content\/uploads\/2021\/04\/5-1-768x512.png 768w, http:\/\/zdrowiepiaseczna.stronazen.pl\/wp-content\/uploads\/2021\/04\/5-1-670x446.png 670w, http:\/\/zdrowiepiaseczna.stronazen.pl\/wp-content\/uploads\/2021\/04\/5-1-600x400.png 600w, http:\/\/zdrowiepiaseczna.stronazen.pl\/wp-content\/uploads\/2021\/04\/5-1-390x260.png 390w, http:\/\/zdrowiepiaseczna.stronazen.pl\/wp-content\/uploads\/2021\/04\/5-1-285x190.png 285w, http:\/\/zdrowiepiaseczna.stronazen.pl\/wp-content\/uploads\/2021\/04\/5-1.png 900w\" sizes=\"(max-width: 480px) 100vw, 480px\" \/><\/a><div class=\"service-details\"><h4 class=\"box-header\"><a href=\"http:\/\/zdrowiepiaseczna.stronazen.pl\/index.php\/services\/ekg-wysilkowe\/\" title=\"EKG wysi\u0142kowe\">EKG wysi\u0142kowe<\/a><\/h4><\/div><\/li><\/ul><\/li><li class=\"vc_row wpb_row vc_row-fluid\"><ul><li><a href=\"http:\/\/zdrowiepiaseczna.stronazen.pl\/index.php\/services\/holter-cisnieniowy\/\" title=\"Holter ci\u015bnieniowy\"><img width=\"480\" height=\"320\" src=\"http:\/\/zdrowiepiaseczna.stronazen.pl\/wp-content\/uploads\/2021\/04\/7-1-480x320.png\" class=\"attachment-medium-thumb size-medium-thumb wp-post-image\" alt=\"Holter ci\u015bnieniowy\" loading=\"lazy\" title=\"\" srcset=\"http:\/\/zdrowiepiaseczna.stronazen.pl\/wp-content\/uploads\/2021\/04\/7-1-480x320.png 480w, http:\/\/zdrowiepiaseczna.stronazen.pl\/wp-content\/uploads\/2021\/04\/7-1-300x200.png 300w, http:\/\/zdrowiepiaseczna.stronazen.pl\/wp-content\/uploads\/2021\/04\/7-1-768x512.png 768w, http:\/\/zdrowiepiaseczna.stronazen.pl\/wp-content\/uploads\/2021\/04\/7-1-670x446.png 670w, http:\/\/zdrowiepiaseczna.stronazen.pl\/wp-content\/uploads\/2021\/04\/7-1-600x400.png 600w, http:\/\/zdrowiepiaseczna.stronazen.pl\/wp-content\/uploads\/2021\/04\/7-1-390x260.png 390w, http:\/\/zdrowiepiaseczna.stronazen.pl\/wp-content\/uploads\/2021\/04\/7-1-285x190.png 285w, http:\/\/zdrowiepiaseczna.stronazen.pl\/wp-content\/uploads\/2021\/04\/7-1.png 900w\" sizes=\"(max-width: 480px) 100vw, 480px\" \/><\/a><div class=\"service-details\"><h4 class=\"box-header\"><a href=\"http:\/\/zdrowiepiaseczna.stronazen.pl\/index.php\/services\/holter-cisnieniowy\/\" title=\"Holter ci\u015bnieniowy\">Holter ci\u015bnieniowy<\/a><\/h4><\/div><\/li><li><a href=\"http:\/\/zdrowiepiaseczna.stronazen.pl\/index.php\/services\/holter-ekg\/\" title=\"Holter EKG\"><img width=\"480\" height=\"320\" src=\"http:\/\/zdrowiepiaseczna.stronazen.pl\/wp-content\/uploads\/2021\/04\/6-1-480x320.png\" class=\"attachment-medium-thumb size-medium-thumb wp-post-image\" alt=\"Holter EKG\" loading=\"lazy\" title=\"\" srcset=\"http:\/\/zdrowiepiaseczna.stronazen.pl\/wp-content\/uploads\/2021\/04\/6-1-480x320.png 480w, http:\/\/zdrowiepiaseczna.stronazen.pl\/wp-content\/uploads\/2021\/04\/6-1-300x200.png 300w, http:\/\/zdrowiepiaseczna.stronazen.pl\/wp-content\/uploads\/2021\/04\/6-1-768x512.png 768w, http:\/\/zdrowiepiaseczna.stronazen.pl\/wp-content\/uploads\/2021\/04\/6-1-670x446.png 670w, http:\/\/zdrowiepiaseczna.stronazen.pl\/wp-content\/uploads\/2021\/04\/6-1-600x400.png 600w, http:\/\/zdrowiepiaseczna.stronazen.pl\/wp-content\/uploads\/2021\/04\/6-1-390x260.png 390w, http:\/\/zdrowiepiaseczna.stronazen.pl\/wp-content\/uploads\/2021\/04\/6-1-285x190.png 285w, http:\/\/zdrowiepiaseczna.stronazen.pl\/wp-content\/uploads\/2021\/04\/6-1.png 900w\" sizes=\"(max-width: 480px) 100vw, 480px\" \/><\/a><div class=\"service-details\"><h4 class=\"box-header\"><a href=\"http:\/\/zdrowiepiaseczna.stronazen.pl\/index.php\/services\/holter-ekg\/\" title=\"Holter EKG\">Holter EKG<\/a><\/h4><\/div><\/li><li><a href=\"http:\/\/zdrowiepiaseczna.stronazen.pl\/index.php\/services\/profilaktyczne-usg-u-dzieci\/\" title=\"Profilaktyczne USG u dzieci\"><img width=\"480\" height=\"320\" src=\"http:\/\/zdrowiepiaseczna.stronazen.pl\/wp-content\/uploads\/2021\/04\/ZP-grafiki-na-www-15-480x320.jpg\" class=\"attachment-medium-thumb size-medium-thumb wp-post-image\" alt=\"Profilaktyczne USG u dzieci\" loading=\"lazy\" title=\"\" srcset=\"http:\/\/zdrowiepiaseczna.stronazen.pl\/wp-content\/uploads\/2021\/04\/ZP-grafiki-na-www-15-480x320.jpg 480w, http:\/\/zdrowiepiaseczna.stronazen.pl\/wp-content\/uploads\/2021\/04\/ZP-grafiki-na-www-15-300x200.jpg 300w, http:\/\/zdrowiepiaseczna.stronazen.pl\/wp-content\/uploads\/2021\/04\/ZP-grafiki-na-www-15-768x512.jpg 768w, http:\/\/zdrowiepiaseczna.stronazen.pl\/wp-content\/uploads\/2021\/04\/ZP-grafiki-na-www-15-670x446.jpg 670w, http:\/\/zdrowiepiaseczna.stronazen.pl\/wp-content\/uploads\/2021\/04\/ZP-grafiki-na-www-15-600x400.jpg 600w, http:\/\/zdrowiepiaseczna.stronazen.pl\/wp-content\/uploads\/2021\/04\/ZP-grafiki-na-www-15-390x260.jpg 390w, http:\/\/zdrowiepiaseczna.stronazen.pl\/wp-content\/uploads\/2021\/04\/ZP-grafiki-na-www-15-285x190.jpg 285w, http:\/\/zdrowiepiaseczna.stronazen.pl\/wp-content\/uploads\/2021\/04\/ZP-grafiki-na-www-15.jpg 900w\" sizes=\"(max-width: 480px) 100vw, 480px\" \/><\/a><div class=\"service-details\"><h4 class=\"box-header\"><a href=\"http:\/\/zdrowiepiaseczna.stronazen.pl\/index.php\/services\/profilaktyczne-usg-u-dzieci\/\" title=\"Profilaktyczne USG u dzieci\">Profilaktyczne USG u dzieci<\/a><\/h4><\/div><\/li><\/ul><\/li><li class=\"vc_row wpb_row vc_row-fluid\"><ul><li><a href=\"http:\/\/zdrowiepiaseczna.stronazen.pl\/index.php\/services\/szybkie-testy-diagnostyczne\/\" title=\"Szybkie testy diagnostyczne\"><img width=\"480\" height=\"320\" src=\"http:\/\/zdrowiepiaseczna.stronazen.pl\/wp-content\/uploads\/2021\/04\/ZP-grafiki-na-www-22-480x320.jpg\" class=\"attachment-medium-thumb size-medium-thumb wp-post-image\" alt=\"Szybkie testy diagnostyczne\" loading=\"lazy\" title=\"\" srcset=\"http:\/\/zdrowiepiaseczna.stronazen.pl\/wp-content\/uploads\/2021\/04\/ZP-grafiki-na-www-22-480x320.jpg 480w, http:\/\/zdrowiepiaseczna.stronazen.pl\/wp-content\/uploads\/2021\/04\/ZP-grafiki-na-www-22-300x200.jpg 300w, http:\/\/zdrowiepiaseczna.stronazen.pl\/wp-content\/uploads\/2021\/04\/ZP-grafiki-na-www-22-768x512.jpg 768w, http:\/\/zdrowiepiaseczna.stronazen.pl\/wp-content\/uploads\/2021\/04\/ZP-grafiki-na-www-22-670x446.jpg 670w, http:\/\/zdrowiepiaseczna.stronazen.pl\/wp-content\/uploads\/2021\/04\/ZP-grafiki-na-www-22-600x400.jpg 600w, http:\/\/zdrowiepiaseczna.stronazen.pl\/wp-content\/uploads\/2021\/04\/ZP-grafiki-na-www-22-390x260.jpg 390w, http:\/\/zdrowiepiaseczna.stronazen.pl\/wp-content\/uploads\/2021\/04\/ZP-grafiki-na-www-22-285x190.jpg 285w, http:\/\/zdrowiepiaseczna.stronazen.pl\/wp-content\/uploads\/2021\/04\/ZP-grafiki-na-www-22.jpg 900w\" sizes=\"(max-width: 480px) 100vw, 480px\" \/><\/a><div class=\"service-details\"><h4 class=\"box-header\"><a href=\"http:\/\/zdrowiepiaseczna.stronazen.pl\/index.php\/services\/szybkie-testy-diagnostyczne\/\" title=\"Szybkie testy diagnostyczne\">Szybkie testy diagnostyczne<\/a><\/h4><\/div><\/li><li><a href=\"http:\/\/zdrowiepiaseczna.stronazen.pl\/index.php\/services\/uroflowmetria\/\" title=\"Uroflowmetria\"><img width=\"480\" height=\"320\" src=\"http:\/\/zdrowiepiaseczna.stronazen.pl\/wp-content\/uploads\/2021\/04\/ZP-grafiki-na-www-21-480x320.jpg\" class=\"attachment-medium-thumb size-medium-thumb wp-post-image\" alt=\"Uroflowmetria\" loading=\"lazy\" title=\"\" srcset=\"http:\/\/zdrowiepiaseczna.stronazen.pl\/wp-content\/uploads\/2021\/04\/ZP-grafiki-na-www-21-480x320.jpg 480w, http:\/\/zdrowiepiaseczna.stronazen.pl\/wp-content\/uploads\/2021\/04\/ZP-grafiki-na-www-21-300x200.jpg 300w, http:\/\/zdrowiepiaseczna.stronazen.pl\/wp-content\/uploads\/2021\/04\/ZP-grafiki-na-www-21-768x512.jpg 768w, http:\/\/zdrowiepiaseczna.stronazen.pl\/wp-content\/uploads\/2021\/04\/ZP-grafiki-na-www-21-670x446.jpg 670w, http:\/\/zdrowiepiaseczna.stronazen.pl\/wp-content\/uploads\/2021\/04\/ZP-grafiki-na-www-21-600x400.jpg 600w, http:\/\/zdrowiepiaseczna.stronazen.pl\/wp-content\/uploads\/2021\/04\/ZP-grafiki-na-www-21-390x260.jpg 390w, http:\/\/zdrowiepiaseczna.stronazen.pl\/wp-content\/uploads\/2021\/04\/ZP-grafiki-na-www-21-285x190.jpg 285w, http:\/\/zdrowiepiaseczna.stronazen.pl\/wp-content\/uploads\/2021\/04\/ZP-grafiki-na-www-21.jpg 900w\" sizes=\"(max-width: 480px) 100vw, 480px\" \/><\/a><div class=\"service-details\"><h4 class=\"box-header\"><a href=\"http:\/\/zdrowiepiaseczna.stronazen.pl\/index.php\/services\/uroflowmetria\/\" title=\"Uroflowmetria\">Uroflowmetria<\/a><\/h4><\/div><\/li><li><a href=\"http:\/\/zdrowiepiaseczna.stronazen.pl\/index.php\/services\/usg-badania-ultrasonograficzne\/\" title=\"USG \u2013 badania ultrasonograficzne\"><img width=\"480\" height=\"320\" src=\"http:\/\/zdrowiepiaseczna.stronazen.pl\/wp-content\/uploads\/2021\/04\/1-1-480x320.png\" class=\"attachment-medium-thumb size-medium-thumb wp-post-image\" alt=\"USG \u2013 badania ultrasonograficzne\" loading=\"lazy\" title=\"\" srcset=\"http:\/\/zdrowiepiaseczna.stronazen.pl\/wp-content\/uploads\/2021\/04\/1-1-480x320.png 480w, http:\/\/zdrowiepiaseczna.stronazen.pl\/wp-content\/uploads\/2021\/04\/1-1-300x200.png 300w, http:\/\/zdrowiepiaseczna.stronazen.pl\/wp-content\/uploads\/2021\/04\/1-1-768x512.png 768w, http:\/\/zdrowiepiaseczna.stronazen.pl\/wp-content\/uploads\/2021\/04\/1-1-670x446.png 670w, http:\/\/zdrowiepiaseczna.stronazen.pl\/wp-content\/uploads\/2021\/04\/1-1-600x400.png 600w, http:\/\/zdrowiepiaseczna.stronazen.pl\/wp-content\/uploads\/2021\/04\/1-1-390x260.png 390w, http:\/\/zdrowiepiaseczna.stronazen.pl\/wp-content\/uploads\/2021\/04\/1-1-285x190.png 285w, http:\/\/zdrowiepiaseczna.stronazen.pl\/wp-content\/uploads\/2021\/04\/1-1.png 900w\" sizes=\"(max-width: 480px) 100vw, 480px\" \/><\/a><div class=\"service-details\"><h4 class=\"box-header\"><a href=\"http:\/\/zdrowiepiaseczna.stronazen.pl\/index.php\/services\/usg-badania-ultrasonograficzne\/\" title=\"USG \u2013 badania ultrasonograficzne\">USG \u2013 badania ultrasonograficzne<\/a><\/h4><\/div><\/li><\/ul><\/li><li class=\"vc_row wpb_row vc_row-fluid\"><ul><li><a href=\"http:\/\/zdrowiepiaseczna.stronazen.pl\/index.php\/services\/usg-doppler\/\" title=\"USG Doppler\"><img width=\"480\" height=\"320\" src=\"http:\/\/zdrowiepiaseczna.stronazen.pl\/wp-content\/uploads\/2021\/04\/8-1-480x320.png\" class=\"attachment-medium-thumb size-medium-thumb wp-post-image\" alt=\"USG Doppler\" loading=\"lazy\" title=\"\" srcset=\"http:\/\/zdrowiepiaseczna.stronazen.pl\/wp-content\/uploads\/2021\/04\/8-1-480x320.png 480w, http:\/\/zdrowiepiaseczna.stronazen.pl\/wp-content\/uploads\/2021\/04\/8-1-300x200.png 300w, http:\/\/zdrowiepiaseczna.stronazen.pl\/wp-content\/uploads\/2021\/04\/8-1-768x512.png 768w, http:\/\/zdrowiepiaseczna.stronazen.pl\/wp-content\/uploads\/2021\/04\/8-1-670x446.png 670w, http:\/\/zdrowiepiaseczna.stronazen.pl\/wp-content\/uploads\/2021\/04\/8-1-600x400.png 600w, http:\/\/zdrowiepiaseczna.stronazen.pl\/wp-content\/uploads\/2021\/04\/8-1-390x260.png 390w, http:\/\/zdrowiepiaseczna.stronazen.pl\/wp-content\/uploads\/2021\/04\/8-1-285x190.png 285w, http:\/\/zdrowiepiaseczna.stronazen.pl\/wp-content\/uploads\/2021\/04\/8-1.png 900w\" sizes=\"(max-width: 480px) 100vw, 480px\" \/><\/a><div class=\"service-details\"><h4 class=\"box-header\"><a href=\"http:\/\/zdrowiepiaseczna.stronazen.pl\/index.php\/services\/usg-doppler\/\" title=\"USG Doppler\">USG Doppler<\/a><\/h4><\/div><\/li><li><a href=\"http:\/\/zdrowiepiaseczna.stronazen.pl\/index.php\/services\/usg-ginekologiczne-i-usg-ciazy\/\" title=\"USG ginekologiczne i USG ci\u0105\u017cy\"><img width=\"480\" height=\"320\" src=\"http:\/\/zdrowiepiaseczna.stronazen.pl\/wp-content\/uploads\/2021\/04\/9-1-480x320.png\" class=\"attachment-medium-thumb size-medium-thumb wp-post-image\" alt=\"USG ginekologiczne i USG ci\u0105\u017cy\" loading=\"lazy\" title=\"\" srcset=\"http:\/\/zdrowiepiaseczna.stronazen.pl\/wp-content\/uploads\/2021\/04\/9-1-480x320.png 480w, http:\/\/zdrowiepiaseczna.stronazen.pl\/wp-content\/uploads\/2021\/04\/9-1-300x200.png 300w, http:\/\/zdrowiepiaseczna.stronazen.pl\/wp-content\/uploads\/2021\/04\/9-1-768x512.png 768w, http:\/\/zdrowiepiaseczna.stronazen.pl\/wp-content\/uploads\/2021\/04\/9-1-670x446.png 670w, http:\/\/zdrowiepiaseczna.stronazen.pl\/wp-content\/uploads\/2021\/04\/9-1-600x400.png 600w, http:\/\/zdrowiepiaseczna.stronazen.pl\/wp-content\/uploads\/2021\/04\/9-1-390x260.png 390w, http:\/\/zdrowiepiaseczna.stronazen.pl\/wp-content\/uploads\/2021\/04\/9-1-285x190.png 285w, http:\/\/zdrowiepiaseczna.stronazen.pl\/wp-content\/uploads\/2021\/04\/9-1.png 900w\" sizes=\"(max-width: 480px) 100vw, 480px\" \/><\/a><div class=\"service-details\"><h4 class=\"box-header\"><a href=\"http:\/\/zdrowiepiaseczna.stronazen.pl\/index.php\/services\/usg-ginekologiczne-i-usg-ciazy\/\" title=\"USG ginekologiczne i USG ci\u0105\u017cy\">USG ginekologiczne i USG ci\u0105\u017cy<\/a><\/h4><\/div><\/li><\/ul><\/li><\/ul>[\/vc_column][\/vc_row]<\/p>\n","protected":false},"excerpt":{"rendered":"<p>[vc_row top_margin=&#8221;page-margin-top&#8221;][vc_column width=&#8221;1\/3&#8243;][\/vc_column][vc_column width=&#8221;2\/3&#8243; el_class=&#8221;padding-left-30&#8243;][vc_column_text el_class=&#8221;large margin-top-10&#8243;]Zdrowie Piaseczna zapewnia Pa\u0144stwu szeroki zakres bada\u0144 laboratoryjnych i diagnostycznych. Dowiedz si\u0119 wi\u0119cej o poszczeg\u00f3lnych badaniach oraz o tym, jak si\u0119 do nich przygotowa\u0107:[\/vc_column_text][\/vc_column][\/vc_row][vc_row top_margin=&#8221;page-margin-top-section&#8221;][vc_column][\/vc_column][\/vc_row]<\/p>\n","protected":false},"author":1,"featured_media":4060,"parent":0,"menu_order":0,"comment_status":"closed","ping_status":"closed","template":"","meta":[],"_links":{"self":[{"href":"http:\/\/zdrowiepiaseczna.stronazen.pl\/index.php\/wp-json\/wp\/v2\/pages\/3794"}],"collection":[{"href":"http:\/\/zdrowiepiaseczna.stronazen.pl\/index.php\/wp-json\/wp\/v2\/pages"}],"about":[{"href":"http:\/\/zdrowiepiaseczna.stronazen.pl\/index.php\/wp-json\/wp\/v2\/types\/page"}],"author":[{"embeddable":true,"href":"http:\/\/zdrowiepiaseczna.stronazen.pl\/index.php\/wp-json\/wp\/v2\/users\/1"}],"replies":[{"embeddable":true,"href":"http:\/\/zdrowiepiaseczna.stronazen.pl\/index.php\/wp-json\/wp\/v2\/comments?post=3794"}],"version-history":[{"count":7,"href":"http:\/\/zdrowiepiaseczna.stronazen.pl\/index.php\/wp-json\/wp\/v2\/pages\/3794\/revisions"}],"predecessor-version":[{"id":4554,"href":"http:\/\/zdrowiepiaseczna.stronazen.pl\/index.php\/wp-json\/wp\/v2\/pages\/3794\/revisions\/4554"}],"wp:featuredmedia":[{"embeddable":true,"href":"http:\/\/zdrowiepiaseczna.stronazen.pl\/index.php\/wp-json\/wp\/v2\/media\/4060"}],"wp:attachment":[{"href":"http:\/\/zdrowiepiaseczna.stronazen.pl\/index.php\/wp-json\/wp\/v2\/media?parent=3794"}],"curies":[{"name":"wp","href":"https:\/\/api.w.org\/{rel}","templated":true}]}}