{"id":4302,"date":"2021-04-18T12:57:46","date_gmt":"2021-04-18T12:57:46","guid":{"rendered":"http:\/\/zdrowiepiaseczna.stronazen.pl\/?page_id=4302"},"modified":"2021-04-19T14:29:52","modified_gmt":"2021-04-19T14:29:52","slug":"medycyna-pracy","status":"publish","type":"page","link":"http:\/\/zdrowiepiaseczna.stronazen.pl\/index.php\/medycyna-pracy\/","title":{"rendered":"Medycyna Pracy"},"content":{"rendered":"<p>[vc_row top_margin=&#8221;page-margin-top&#8221;][vc_column width=&#8221;1\/3&#8243;]<div class=\"services-list single\"><div class=\"service-box\"><img width=\"480\" height=\"320\" src=\"http:\/\/zdrowiepiaseczna.stronazen.pl\/wp-content\/uploads\/2021\/04\/construction-worker-569126_1280-1-480x320.jpg\" class=\"attachment-medium-thumb size-medium-thumb wp-post-image\" alt=\"Medycyna Pracy\" loading=\"lazy\" title=\"\" srcset=\"http:\/\/zdrowiepiaseczna.stronazen.pl\/wp-content\/uploads\/2021\/04\/construction-worker-569126_1280-1-480x320.jpg 480w, http:\/\/zdrowiepiaseczna.stronazen.pl\/wp-content\/uploads\/2021\/04\/construction-worker-569126_1280-1-300x200.jpg 300w, http:\/\/zdrowiepiaseczna.stronazen.pl\/wp-content\/uploads\/2021\/04\/construction-worker-569126_1280-1-1024x682.jpg 1024w, http:\/\/zdrowiepiaseczna.stronazen.pl\/wp-content\/uploads\/2021\/04\/construction-worker-569126_1280-1-768x512.jpg 768w, http:\/\/zdrowiepiaseczna.stronazen.pl\/wp-content\/uploads\/2021\/04\/construction-worker-569126_1280-1-670x446.jpg 670w, http:\/\/zdrowiepiaseczna.stronazen.pl\/wp-content\/uploads\/2021\/04\/construction-worker-569126_1280-1-600x400.jpg 600w, http:\/\/zdrowiepiaseczna.stronazen.pl\/wp-content\/uploads\/2021\/04\/construction-worker-569126_1280-1-390x260.jpg 390w, http:\/\/zdrowiepiaseczna.stronazen.pl\/wp-content\/uploads\/2021\/04\/construction-worker-569126_1280-1-285x190.jpg 285w, http:\/\/zdrowiepiaseczna.stronazen.pl\/wp-content\/uploads\/2021\/04\/construction-worker-569126_1280-1.jpg 1280w\" sizes=\"(max-width: 480px) 100vw, 480px\" \/><div class=\"service-details\"><h4>Medycyna Pracy<\/h4><\/div><\/div><\/div>[\/vc_column][vc_column width=&#8221;2\/3&#8243; el_class=&#8221;padding-left-30&#8243;]<h3 class=\"box-header\">Dla Pracodawc\u00f3w<\/h3><h2 class=\"box-header large margin-top-30 no-border\">Medycyna Pracy<\/h2>[vc_column_text el_class=&#8221;large margin-top-10&#8243;]Oferujemy kompleksowe dzia\u0142ania Medycyny Pracy dla ca\u0142ej firmy, dostosowane do indywidualnych potrzeb i wymaga\u0144 Klient\u00f3w:<\/p>\n<p><strong>Badania profilaktyczne wst\u0119pne, okresowe i kontrolne &#8211; r\u00f3wnie\u017c na stanowiska pracy:<\/strong>[\/vc_column_text]<ul class=\"simple-list clearfix\"><li class=\"template-tick-2 clearfix\">\n\t\t\t<span>zatrudnionych przy maszynach w ruchu,<\/span><\/li><li class=\"template-tick-2 clearfix\">\n\t\t\t<span>pracuj\u0105cych na wysoko\u015bci,<\/span><\/li><li class=\"template-tick-2 clearfix\">\n\t\t\t<span>pracuj\u0105cych w nara\u017ceniu na ha\u0142as, py\u0142 przemys\u0142owy, czynniki toksyczne i biologiczne,<\/span><\/li><li class=\"template-tick-2 clearfix\">\n\t\t\t<span>zatrudnionych na stanowiskach wymagaj\u0105cych pe\u0142nej sprawno\u015bci psychofizycznej, w tym operator\u00f3w d\u017awig\u00f3w, w\u00f3zk\u00f3w akumulatorowych,<\/span><\/li><li class=\"template-tick-2 clearfix\">\n\t\t\t<span>zatrudnionych w pracy wymagaj\u0105cej sta\u0142ego i d\u0142ugotrwa\u0142ego wysi\u0142ku g\u0142osowego,<\/span><\/li><li class=\"template-tick-2 clearfix\">\n\t\t\t<span>pracownik\u00f3w stra\u017cy,<\/span><\/li><li class=\"template-tick-2 clearfix\">\n\t\t\t<span>pracownik\u00f3w wyje\u017cd\u017caj\u0105cych do pracy w warunkach tropikalnych,<\/span><\/li><li class=\"template-tick-2 clearfix\">\n\t\t\t<span>pracuj\u0105cych przy komputerze,<\/span><\/li><li class=\"template-tick-2 clearfix\">\n\t\t\t<span>pracownik\u00f3w ochrony fizycznej,<\/span><\/li><li class=\"template-tick-2 clearfix\">\n\t\t\t<span>innych.<\/span><\/li><\/ul>[vc_column_text el_class=&#8221;large margin-top-10&#8243;]Zapewniamy tak\u017ce:[\/vc_column_text]<ul class=\"simple-list clearfix\"><li class=\"template-tick-2 clearfix\">\n\t\t\t<span>udzia\u0142 lekarza w komisji BHP,<\/span><\/li><li class=\"template-tick-2 clearfix\">\n\t\t\t<span>wizytacje stanowisk pracy.<\/span><\/li><\/ul>[vc_column_text el_class=&#8221;large margin-top-10&#8243;]Zapraszamy Pracodawc\u00f3w do kontaktu! Ch\u0119tnie om\u00f3wimy zakres i warunki potrzebnych Pa\u0144stwu dzia\u0142a\u0144 Medycyny Pracy.[\/vc_column_text][\/vc_column][\/vc_row]<\/p>\n","protected":false},"excerpt":{"rendered":"<p>[vc_row top_margin=&#8221;page-margin-top&#8221;][vc_column width=&#8221;1\/3&#8243;][\/vc_column][vc_column width=&#8221;2\/3&#8243; el_class=&#8221;padding-left-30&#8243;][vc_column_text el_class=&#8221;large margin-top-10&#8243;]Oferujemy kompleksowe dzia\u0142ania Medycyny Pracy dla ca\u0142ej firmy, dostosowane do indywidualnych potrzeb i wymaga\u0144 Klient\u00f3w: Badania profilaktyczne wst\u0119pne, okresowe i kontrolne &#8211; r\u00f3wnie\u017c na stanowiska pracy:[\/vc_column_text][vc_column_text el_class=&#8221;large margin-top-10&#8243;]Zapewniamy tak\u017ce:[\/vc_column_text][vc_column_text el_class=&#8221;large margin-top-10&#8243;]Zapraszamy Pracodawc\u00f3w do kontaktu! Ch\u0119tnie om\u00f3wimy zakres i warunki potrzebnych Pa\u0144stwu dzia\u0142a\u0144 Medycyny Pracy.[\/vc_column_text][\/vc_column][\/vc_row]<\/p>\n","protected":false},"author":1,"featured_media":4305,"parent":0,"menu_order":0,"comment_status":"closed","ping_status":"closed","template":"","meta":[],"_links":{"self":[{"href":"http:\/\/zdrowiepiaseczna.stronazen.pl\/index.php\/wp-json\/wp\/v2\/pages\/4302"}],"collection":[{"href":"http:\/\/zdrowiepiaseczna.stronazen.pl\/index.php\/wp-json\/wp\/v2\/pages"}],"about":[{"href":"http:\/\/zdrowiepiaseczna.stronazen.pl\/index.php\/wp-json\/wp\/v2\/types\/page"}],"author":[{"embeddable":true,"href":"http:\/\/zdrowiepiaseczna.stronazen.pl\/index.php\/wp-json\/wp\/v2\/users\/1"}],"replies":[{"embeddable":true,"href":"http:\/\/zdrowiepiaseczna.stronazen.pl\/index.php\/wp-json\/wp\/v2\/comments?post=4302"}],"version-history":[{"count":4,"href":"http:\/\/zdrowiepiaseczna.stronazen.pl\/index.php\/wp-json\/wp\/v2\/pages\/4302\/revisions"}],"predecessor-version":[{"id":4404,"href":"http:\/\/zdrowiepiaseczna.stronazen.pl\/index.php\/wp-json\/wp\/v2\/pages\/4302\/revisions\/4404"}],"wp:featuredmedia":[{"embeddable":true,"href":"http:\/\/zdrowiepiaseczna.stronazen.pl\/index.php\/wp-json\/wp\/v2\/media\/4305"}],"wp:attachment":[{"href":"http:\/\/zdrowiepiaseczna.stronazen.pl\/index.php\/wp-json\/wp\/v2\/media?parent=4302"}],"curies":[{"name":"wp","href":"https:\/\/api.w.org\/{rel}","templated":true}]}}